{"id":15921,"date":"2017-01-13T11:26:46","date_gmt":"2017-03-04T11:35:44","guid":{"rendered":"http:\/\/www.mastromoda.it\/positano-fashion-collections\/"},"modified":"2017-03-04T12:35:44","modified_gmt":"2017-03-04T11:35:44","slug":"positano-fashion-collections","status":"publish","type":"page","link":"https:\/\/mastromoda.it\/en\/positano-fashion-collections\/","title":{"rendered":"Positano Fashion Collections"},"content":{"rendered":"<p>[spb_row element_name=&#8221;Row&#8221; wrap_type=&#8221;content-width&#8221; row_bg_type=&#8221;color&#8221; row_bg_color=&#8221;#ffffff&#8221; bg_type=&#8221;cover&#8221; parallax_image_height=&#8221;content-height&#8221; parallax_image_movement=&#8221;fixed&#8221; parallax_image_speed=&#8221;0.5&#8243; bg_video_loop=&#8221;yes&#8221; parallax_video_height=&#8221;window-height&#8221; parallax_video_overlay=&#8221;none&#8221; row_overlay_opacity=&#8221;0&#8243; remove_element_spacing=&#8221;no&#8221; row_col_pos=&#8221;default&#8221; width=&#8221;1\/1&#8243; el_position=&#8221;first last&#8221;] [spb_text_block animation=&#8221;none&#8221; animation_delay=&#8221;200&#8243; simplified_controls=&#8221;yes&#8221; custom_css_percentage=&#8221;no&#8221; padding_vertical=&#8221;12&#8243; padding_horizontal=&#8221;0&#8243; margin_vertical=&#8221;0&#8243; custom_css=&#8221;margin-top: 0px;margin-bottom: 0px;padding-top: 12px;padding-bottom: 12px;&#8221; border_size=&#8221;0&#8243; border_styling_global=&#8221;default&#8221; el_class=&#8221;pb0&#8243; width=&#8221;1\/2&#8243; el_position=&#8221;first&#8221;]<\/p>\n<p class=\"impact-text-large\">Le collezioni Mastro Moda Positano, capi imperdibili<\/p>\n<p>[\/spb_text_block] [spb_text_block title=&#8221;COME NASCONO LE NOSTRE CREAZIONI DI MODA POSITANO&#8221; animation=&#8221;none&#8221; animation_delay=&#8221;200&#8243; simplified_controls=&#8221;yes&#8221; custom_css_percentage=&#8221;no&#8221; padding_vertical=&#8221;12&#8243; padding_horizontal=&#8221;0&#8243; margin_vertical=&#8221;0&#8243; custom_css=&#8221;margin-top: 0px;margin-bottom: 0px;padding-top: 12px;padding-bottom: 12px;&#8221; border_size=&#8221;0&#8243; border_styling_global=&#8221;default&#8221; el_class=&#8221;pb0&#8243; width=&#8221;1\/2&#8243; el_position=&#8221;last&#8221;]<\/p>\n<p class=\"p1\"><span class=\"s1\">La creativit\u00e0 e la passione dei fratelli Mastro, ha permesso la realizzazione di fantastiche collezioni <b>moda Positano<\/b>.<\/span><\/p>\n<p class=\"p1\"><span class=\"s1\">Un vernissage di rara bellezza di <b>moda Positano autunno inverno<\/b> e di <b>moda Positano primavera estate<\/b>. D\u2019altra parte, nelle vene dei fratelli Mastro fluisce una grande immaginazione e passione nel creare queste fantastiche collezioni <b>moda uomo Positano<\/b>, <b>moda donna Positano<\/b> e <b>moda bimbo Positano<\/b>.<\/span><\/p>\n<p>[\/spb_text_block] [\/spb_row] [spb_row element_name=&#8221;Row&#8221; wrap_type=&#8221;full-width-stretch&#8221; row_bg_type=&#8221;image&#8221; row_bg_color=&#8221;#f7f7f7&#8243; color_row_height=&#8221;content-height&#8221; bg_image=&#8221;15139&#8243; bg_type=&#8221;cover&#8221; parallax_image_height=&#8221;content-height&#8221; parallax_image_movement=&#8221;fixed&#8221; parallax_image_speed=&#8221;standard&#8221; bg_video_loop=&#8221;yes&#8221; parallax_video_height=&#8221;window-height&#8221; row_top_style=&#8221;slant-ltr&#8221; row_bottom_style=&#8221;none&#8221; parallax_video_overlay=&#8221;none&#8221; row_overlay_opacity=&#8221;50&#8243; remove_element_spacing=&#8221;no&#8221; row_col_spacing=&#8221;0&#8243; row_col_pos=&#8221;default&#8221; row_col_equal_heights=&#8221;no&#8221; row_expanding=&#8221;no&#8221; row_animation=&#8221;none&#8221; row_animation_delay=&#8221;0&#8243; minimize_row=&#8221;no&#8221; simplified_controls=&#8221;yes&#8221; custom_css_percentage=&#8221;no&#8221; custom_css=&#8221;margin-top: 0px;margin-bottom: 0px;&#8221; border_styling_global=&#8221;default&#8221; width=&#8221;1\/1&#8243; el_position=&#8221;first last&#8221;] [spb_blank_spacer height=&#8221;150px&#8221; width=&#8221;1\/1&#8243; el_position=&#8221;first last&#8221;] [\/spb_row] [spb_row element_name=&#8221;Row&#8221; wrap_type=&#8221;content-width&#8221; row_bg_type=&#8221;color&#8221; row_bg_color=&#8221;#f7f7f7&#8243; color_row_height=&#8221;content-height&#8221; bg_type=&#8221;cover&#8221; parallax_image_height=&#8221;content-height&#8221; parallax_image_movement=&#8221;fixed&#8221; parallax_image_speed=&#8221;0.5&#8243; bg_video_loop=&#8221;yes&#8221; parallax_video_height=&#8221;window-height&#8221; row_top_style=&#8221;slant-ltr&#8221; row_bottom_style=&#8221;none&#8221; parallax_video_overlay=&#8221;none&#8221; row_overlay_opacity=&#8221;0&#8243; remove_element_spacing=&#8221;no&#8221; row_col_pos=&#8221;default&#8221; row_expanding=&#8221;no&#8221; row_animation=&#8221;none&#8221; row_animation_delay=&#8221;0&#8243; minimize_row=&#8221;no&#8221; width=&#8221;1\/1&#8243; el_position=&#8221;first last&#8221;] [spb_icon_box title=&#8221;Come nasce un abito Moda Positano&#8221; box_type=&#8221;left-icon-alt&#8221; box_icon_type=&#8221;icon&#8221; icon=&#8221;fa-scissors&#8221; animate_svg=&#8221;no&#8221; target=&#8221;_self&#8221; animation=&#8221;none&#8221; animation_delay=&#8221;0&#8243; icon_color=&#8221;#252525&#8243; animated_box_style=&#8221;coloured&#8221; animated_box_rounded=&#8221;yes&#8221; width=&#8221;1\/1&#8243; el_position=&#8221;first last&#8221;]<\/p>\n<p class=\"p1\"><span class=\"s1\">Il laboratorio Mastro Moda Positano \u00e8 una vera fucina di idee, di ricerche per selezionare le migliori stoffe. Indiscutibilmente, un nobile esempio di grande conoscenza dell\u2019antica arte del taglio e cucito.<\/span><\/p>\n<p class=\"p1\"><span class=\"s1\">I brainstorming dei Mastro offrono, quindi, l\u2019occasione di dare vita a intensi dibattiti, a continui confronti riguardanti le idee e le proposte sulla <b>moda Positano<\/b>. Una salutare sfida tra fratelli, che li unisce ancor di pi\u00f9 e che consente di proporre sempre eccezionali proposte tanto<b> <\/b>vertenti la<b> moda Positano autunno inverno<\/b> quanto la <b>moda Positano primavera estate<\/b>.<\/span><\/p>\n<p class=\"p1\"><span class=\"s1\">Ogni creazione Mastro, ogni loro disegno, ogni decisione da loro presa, permette di avere a propria disposizione solamente le migliori scelte sia per ci\u00f2 che verte la<b> moda uomo Positano<\/b> sia per la <b>moda donna Positano<\/b>, con, poi, una particolare attenzione nelle proposte di <b>moda bimbo Positano<\/b>.<\/span><\/p>\n<p class=\"p1\"><span class=\"s1\">I capi dei fratelli Mastro, sono innovativi e, nel contempo, sanno mantenere le tradizioni, la caratteristica e lo stile della<b> moda Positano<\/b>.<\/span><\/p>\n<p>[\/spb_icon_box] [spb_blank_spacer height=&#8221;120px&#8221; width=&#8221;1\/1&#8243; el_position=&#8221;first last&#8221;] [\/spb_row] [spb_row element_name=&#8221;Row&#8221; wrap_type=&#8221;full-width-stretch&#8221; row_bg_type=&#8221;image&#8221; row_bg_color=&#8221;#f7f7f7&#8243; color_row_height=&#8221;content-height&#8221; bg_image=&#8221;15098&#8243; bg_type=&#8221;cover&#8221; parallax_image_height=&#8221;content-height&#8221; parallax_image_movement=&#8221;fixed&#8221; parallax_image_speed=&#8221;standard&#8221; bg_video_loop=&#8221;yes&#8221; parallax_video_height=&#8221;window-height&#8221; row_top_style=&#8221;slant-rtl&#8221; row_bottom_style=&#8221;none&#8221; parallax_video_overlay=&#8221;none&#8221; row_overlay_opacity=&#8221;50&#8243; remove_element_spacing=&#8221;no&#8221; row_col_spacing=&#8221;0&#8243; row_col_pos=&#8221;default&#8221; row_col_equal_heights=&#8221;no&#8221; row_expanding=&#8221;no&#8221; row_animation=&#8221;none&#8221; row_animation_delay=&#8221;0&#8243; minimize_row=&#8221;no&#8221; simplified_controls=&#8221;yes&#8221; custom_css_percentage=&#8221;no&#8221; custom_css=&#8221;margin-top: 0px;margin-bottom: 0px;&#8221; border_styling_global=&#8221;default&#8221; width=&#8221;1\/1&#8243; el_position=&#8221;first last&#8221;] [spb_blank_spacer height=&#8221;250px&#8221; width=&#8221;1\/1&#8243; el_position=&#8221;first last&#8221;] [\/spb_row] [spb_row element_name=&#8221;Row&#8221; wrap_type=&#8221;content-width&#8221; row_bg_type=&#8221;color&#8221; color_row_height=&#8221;content-height&#8221; bg_type=&#8221;cover&#8221; parallax_image_height=&#8221;content-height&#8221; parallax_image_movement=&#8221;fixed&#8221; parallax_image_speed=&#8221;0.5&#8243; bg_video_loop=&#8221;yes&#8221; parallax_video_height=&#8221;window-height&#8221; row_top_style=&#8221;none&#8221; row_bottom_style=&#8221;none&#8221; parallax_video_overlay=&#8221;none&#8221; row_overlay_opacity=&#8221;0&#8243; remove_element_spacing=&#8221;no&#8221; row_col_pos=&#8221;default&#8221; row_expanding=&#8221;no&#8221; row_animation=&#8221;none&#8221; row_animation_delay=&#8221;0&#8243; minimize_row=&#8221;no&#8221; width=&#8221;1\/1&#8243; el_position=&#8221;first last&#8221;] [spb_blank_spacer height=&#8221;60px&#8221; width=&#8221;1\/1&#8243; el_position=&#8221;first last&#8221;] [spb_image image=&#8221;15050&#8243; image_size=&#8221;full&#8221; image_width=&#8221;288&#8243; frame=&#8221;noframe&#8221; caption_pos=&#8221;hover&#8221; remove_rounded=&#8221;yes&#8221; fullwidth=&#8221;no&#8221; overflow_mode=&#8221;none&#8221; link_target=&#8221;_self&#8221; lightbox=&#8221;no&#8221; intro_animation=&#8221;tada&#8221; animation_delay=&#8221;200&#8243; width=&#8221;1\/3&#8243; el_position=&#8221;first&#8221;][\/spb_image] [spb_text_block animation=&#8221;none&#8221; animation_delay=&#8221;200&#8243; simplified_controls=&#8221;yes&#8221; custom_css_percentage=&#8221;no&#8221; padding_vertical=&#8221;6&#8243; padding_horizontal=&#8221;6&#8243; margin_vertical=&#8221;0&#8243; custom_css=&#8221;margin-top: 0px;margin-bottom: 0px;padding-top: 6px;padding-left: 6px;padding-right: 6px;padding-bottom: 6px;&#8221; border_size=&#8221;0&#8243; border_styling_global=&#8221;default&#8221; el_class=&#8221;pb0&#8243; width=&#8221;2\/3&#8243; el_position=&#8221;last&#8221;]<\/p>\n<h2>La\u00a0moda Positano per lei, per lui e per i bambini<\/h2>\n<p>La loro forte conoscenza sartoriale, inoltre, fa s\u00ec che i capi da loro proposti emanino un particolare fascino e che, per questa ragione, siano indossabili sia per gli amanti dello stile casual e sia dai cultori della moda pi\u00f9 esigenti. La loro continua ricerca e il loro perenne studiare, sono, di fatto, i veri motori della attivit\u00e0 del noto brand MastroModa, uno dei pi\u00f9 fulgidi esempi di moda Positano. La filosofia aziendale \u00e8 impostata sul fatto che ogni singolo dettaglio produttivo passi attraverso un accurato controllo. Anche i dettagli, d\u2019altra parte, fanno parte della moda. Tutto ci\u00f2, ha permesso di poter creare e proporre le migliori collezioni moda uomo Positano, moda donna Positano e moda bimbo Positano.I loro capi, quindi, sono sempre il frutto di una prolifica ispirazione, di una perenne ricerca stilistica volta al bello, alla eleganza, alla classe e alla praticit\u00e0.In definitiva, il brand MastroModa, pu\u00f2 essere effettivamente considerato come un vero e proprio angolo di paradiso della celebrata moda Positano.Dettagli floreali, profusione di lino e di altre stoffe di grande qualit\u00e0, sono esclusivamente una parte dei molteplici dettagli che sono godibili nell\u2019ammirare i capi di loro realizzazione.<\/p>\n<p>[\/spb_text_block] [spb_divider type=&#8221;standard&#8221; text=&#8221;Go to top&#8221; top_margin=&#8221;90px&#8221; bottom_margin=&#8221;60px&#8221; fullwidth=&#8221;yes&#8221; width=&#8221;1\/1&#8243; el_position=&#8221;first last&#8221;] [\/spb_row] [spb_row element_name=&#8221;Row&#8221; wrap_type=&#8221;full-width-stretch&#8221; row_bg_type=&#8221;color&#8221; row_bg_color=&#8221;#e0e0e0&#8243; color_row_height=&#8221;content-height&#8221; bg_type=&#8221;cover&#8221; parallax_image_height=&#8221;content-height&#8221; parallax_image_movement=&#8221;fixed&#8221; parallax_image_speed=&#8221;standard&#8221; bg_video_loop=&#8221;yes&#8221; parallax_video_height=&#8221;window-height&#8221; row_top_style=&#8221;none&#8221; row_bottom_style=&#8221;none&#8221; parallax_video_overlay=&#8221;none&#8221; row_overlay_opacity=&#8221;0&#8243; remove_element_spacing=&#8221;yes&#8221; row_col_spacing=&#8221;0&#8243; row_col_pos=&#8221;default&#8221; row_col_equal_heights=&#8221;no&#8221; row_expanding=&#8221;no&#8221; row_animation=&#8221;none&#8221; row_animation_delay=&#8221;0&#8243; minimize_row=&#8221;no&#8221; simplified_controls=&#8221;yes&#8221; custom_css_percentage=&#8221;no&#8221; custom_css=&#8221;margin-top: 0px;margin-bottom: 0px;&#8221; border_styling_global=&#8221;default&#8221; width=&#8221;1\/1&#8243; el_position=&#8221;first last&#8221;] [spb_section spb_section_id=&#8221;14151&#8243; width=&#8221;1\/1&#8243; el_position=&#8221;first last&#8221;] [\/spb_row] [spb_promo_bar display_type=&#8221;promo-button&#8221; promo_bar_text=&#8221;Interessato alla nostra linea? Registrati per consultare il catalogo&#8221; promo_bar_text_size=&#8221;impact-text-large&#8221; btn_text=&#8221;REGISTRATI&#8221; btn_color=&#8221;white&#8221; btn_type=&#8221;rounded_bordered&#8221; href=&#8221;\/registrazione\/&#8221; target=&#8221;_self&#8221; bg_color=&#8221;#ffcc00&#8243; text_color=&#8221;#5e5b5b&#8221; page_align=&#8221;yes&#8221; fullwidth=&#8221;yes&#8221; width=&#8221;1\/1&#8243; el_position=&#8221;first last&#8221;]<\/p>\n<p>Enter your text here<\/p>\n<p>[\/spb_promo_bar]<\/p>\n","protected":false},"excerpt":{"rendered":"<p>[spb_row element_name=&#8221;Row&#8221; wrap_type=&#8221;content-width&#8221; row_bg_type=&#8221;color&#8221; row_bg_color=&#8221;#ffffff&#8221; bg_type=&#8221;cover&#8221; parallax_image_height=&#8221;content-height&#8221; parallax_image_movement=&#8221;fixed&#8221; parallax_image_speed=&#8221;0.5&#8243; bg_video_loop=&#8221;yes&#8221; parallax_video_height=&#8221;window-height&#8221; parallax_video_overlay=&#8221;none&#8221; row_overlay_opacity=&#8221;0&#8243; remove_element_spacing=&#8221;no&#8221; row_col_pos=&#8221;default&#8221; width=&#8221;1\/1&#8243; el_position=&#8221;first last&#8221;] [spb_text_block animation=&#8221;none&#8221; animation_delay=&#8221;200&#8243; simplified_controls=&#8221;yes&#8221; custom_css_percentage=&#8221;no&#8221; padding_vertical=&#8221;12&#8243; padding_horizontal=&#8221;0&#8243; margin_vertical=&#8221;0&#8243; custom_css=&#8221;margin-top: 0px;margin-bottom: 0px;padding-top: 12px;padding-bottom: 12px;&#8221; border_size=&#8221;0&#8243; border_styling_global=&#8221;default&#8221; el_class=&#8221;pb0&#8243; width=&#8221;1\/2&#8243; el_position=&#8221;first&#8221;] Le collezioni Mastro Moda Positano, capi imperdibili [\/spb_text_block] [spb_text_block title=&#8221;COME NASCONO LE NOSTRE CREAZIONI DI MODA POSITANO&#8221; animation=&#8221;none&#8221; animation_delay=&#8221;200&#8243; simplified_controls=&#8221;yes&#8221; custom_css_percentage=&#8221;no&#8221; padding_vertical=&#8221;12&#8243; padding_horizontal=&#8221;0&#8243; margin_vertical=&#8221;0&#8243; [&hellip;]<\/p>\n","protected":false},"author":1,"featured_media":15768,"parent":0,"menu_order":0,"comment_status":"closed","ping_status":"closed","template":"","meta":{"footnotes":""},"class_list":["post-15921","page","type-page","status-publish","has-post-thumbnail","hentry"],"_links":{"self":[{"href":"https:\/\/mastromoda.it\/en\/wp-json\/wp\/v2\/pages\/15921","targetHints":{"allow":["GET"]}}],"collection":[{"href":"https:\/\/mastromoda.it\/en\/wp-json\/wp\/v2\/pages"}],"about":[{"href":"https:\/\/mastromoda.it\/en\/wp-json\/wp\/v2\/types\/page"}],"author":[{"embeddable":true,"href":"https:\/\/mastromoda.it\/en\/wp-json\/wp\/v2\/users\/1"}],"replies":[{"embeddable":true,"href":"https:\/\/mastromoda.it\/en\/wp-json\/wp\/v2\/comments?post=15921"}],"version-history":[{"count":0,"href":"https:\/\/mastromoda.it\/en\/wp-json\/wp\/v2\/pages\/15921\/revisions"}],"wp:featuredmedia":[{"embeddable":true,"href":"https:\/\/mastromoda.it\/en\/wp-json\/wp\/v2\/media\/15768"}],"wp:attachment":[{"href":"https:\/\/mastromoda.it\/en\/wp-json\/wp\/v2\/media?parent=15921"}],"curies":[{"name":"wp","href":"https:\/\/api.w.org\/{rel}","templated":true}]}}